{"id":125,"date":"2025-01-20T00:29:10","date_gmt":"2025-01-20T00:29:10","guid":{"rendered":"https:\/\/sanfersrl.com\/?page_id=125"},"modified":"2025-07-01T20:58:52","modified_gmt":"2025-07-01T23:58:52","slug":"pagina-de-inicio","status":"publish","type":"page","link":"https:\/\/sanfersrl.com\/","title":{"rendered":"Nuestra Historia"},"content":{"rendered":"\n<div class=\"wp-block-group has-white-background-color has-background\"><div class=\"wp-block-group__inner-container is-layout-constrained wp-block-group-is-layout-constrained\">\n<p class=\"has-medium-font-size\">\n  Somos una empresa familiar con m\u00e1s de cuatro d\u00e9cadas de experiencia en el sector gr\u00e1fico.\n<\/p>\n\n<p class=\"has-medium-font-size\">\n  A lo largo de nuestra historia hemos evolucionado desde un peque\u00f1o taller artesanal hacia una organizaci\u00f3n s\u00f3lida, innovadora y orientada a brindar soluciones integrales a nuestros clientes.\n<\/p>\n\n<p class=\"has-medium-font-size\">\n  Nuestro crecimiento ha sido sostenido y constante, impulsado por la incorporaci\u00f3n de maquinaria digital, la profesionalizaci\u00f3n de nuestros procesos y el compromiso de un equipo que valora la calidad y el servicio personalizado.\n<\/p>\n\n<p class=\"has-medium-font-size\">\n  Actualmente, operamos bajo un sistema de gesti\u00f3n certificado seg\u00fan la norma ISO 9001:2015, que respalda nuestro enfoque en la mejora continua y la satisfacci\u00f3n del cliente.\n<\/p>\n\n<p class=\"has-medium-font-size\">\n  Con la mirada puesta en el futuro, hemos ampliado nuestro alcance sumando nuevas l\u00edneas de negocio: productos de Higiene Ambiental y Papeler\u00eda, que complementan nuestra reconocida trayectoria en el \u00e1rea de Talleres Gr\u00e1ficos.\n<\/p>\n\n<p class=\"has-medium-font-size\">\n  Hoy, m\u00e1s que una imprenta, somos un socio estrat\u00e9gico que ofrece soluciones integrales para empresas, instituciones y particulares.\n<\/p>\n\n<p class=\"has-medium-font-size\">\n  Seguimos creciendo, adapt\u00e1ndonos a los desaf\u00edos de un mercado en permanente cambio, con el mismo esp\u00edritu de compromiso, cercan\u00eda y excelencia que nos caracteriza desde nuestros inicios.\n<\/p>\n\n\n\n<div style=\"height:86px\" aria-hidden=\"true\" class=\"wp-block-spacer\"><\/div>\n<\/div><\/div>\n\n\n\n<div class=\"wp-block-columns is-layout-flex wp-container-core-columns-is-layout-9d6595d7 wp-block-columns-is-layout-flex\">\n<div class=\"wp-block-column is-layout-flow wp-block-column-is-layout-flow\" style=\"flex-basis:33.33%\"><div class=\"wp-block-image\">\n<figure class=\"aligncenter size-large\"><a href=\"https:\/\/sanfersrl.com\/wp-content\/uploads\/2025\/06\/ANEXO-II-POLITICA-DE-GESTION.pdf\"><img loading=\"lazy\" decoding=\"async\" width=\"1024\" height=\"177\" src=\"https:\/\/sanfersrl.com\/wp-content\/uploads\/2025\/06\/GRUPO-SANFER-1024x177.jpg\" alt=\"\" class=\"wp-image-200\" srcset=\"https:\/\/sanfersrl.com\/wp-content\/uploads\/2025\/06\/GRUPO-SANFER-1024x177.jpg 1024w, https:\/\/sanfersrl.com\/wp-content\/uploads\/2025\/06\/GRUPO-SANFER-300x52.jpg 300w, https:\/\/sanfersrl.com\/wp-content\/uploads\/2025\/06\/GRUPO-SANFER-768x133.jpg 768w, https:\/\/sanfersrl.com\/wp-content\/uploads\/2025\/06\/GRUPO-SANFER-1536x265.jpg 1536w, https:\/\/sanfersrl.com\/wp-content\/uploads\/2025\/06\/GRUPO-SANFER-1320x228.jpg 1320w, https:\/\/sanfersrl.com\/wp-content\/uploads\/2025\/06\/GRUPO-SANFER-600x104.jpg 600w, https:\/\/sanfersrl.com\/wp-content\/uploads\/2025\/06\/GRUPO-SANFER.jpg 2045w\" sizes=\"auto, (max-width: 1024px) 100vw, 1024px\" \/><\/a><\/figure>\n<\/div><\/div>\n\n\n\n<div class=\"wp-block-column is-vertically-aligned-center is-layout-flow wp-block-column-is-layout-flow\" style=\"flex-basis:66.66%\">\n<div class=\"wp-block-buttons is-vertical is-content-justification-left is-layout-flex wp-container-core-buttons-is-layout-9c599ea9 wp-block-buttons-is-layout-flex\">\n<div class=\"wp-block-button\"><a class=\"wp-block-button__link wp-element-button\" href=\"https:\/\/sanfersrl.com\/wp-content\/uploads\/2025\/07\/PoliticaDeGestion.pdf\">Descarga nuestra Pol\u00edtica de Gesti\u00f3n (PDF)<\/a><\/div>\n<\/div>\n<\/div>\n<\/div>\n\n\n\n<div style=\"height:23px\" aria-hidden=\"true\" class=\"wp-block-spacer\"><\/div>\n\n\n\n<div class=\"wp-block-columns is-layout-flex wp-container-core-columns-is-layout-9d6595d7 wp-block-columns-is-layout-flex\">\n<div class=\"wp-block-column is-layout-flow wp-block-column-is-layout-flow\" style=\"flex-basis:33.33%\">\n<figure class=\"wp-block-image size-full\"><a href=\"https:\/\/sanfersrl.com\/wp-content\/uploads\/2025\/06\/387_UY_SANFER-SRL_9001-2015.pdf\"><img loading=\"lazy\" decoding=\"async\" width=\"416\" height=\"156\" src=\"https:\/\/sanfersrl.com\/wp-content\/uploads\/2025\/06\/LOGO_UY_387_9001-2015_FCR_SANFER-1.jpg\" alt=\"\" class=\"wp-image-918\" srcset=\"https:\/\/sanfersrl.com\/wp-content\/uploads\/2025\/06\/LOGO_UY_387_9001-2015_FCR_SANFER-1.jpg 416w, https:\/\/sanfersrl.com\/wp-content\/uploads\/2025\/06\/LOGO_UY_387_9001-2015_FCR_SANFER-1-300x113.jpg 300w\" sizes=\"auto, (max-width: 416px) 100vw, 416px\" \/><\/a><\/figure>\n<\/div>\n\n\n\n<div class=\"wp-block-column is-vertically-aligned-center is-layout-flow wp-block-column-is-layout-flow\" style=\"flex-basis:66.66%\">\n<div class=\"wp-block-buttons is-content-justification-left is-layout-flex wp-container-core-buttons-is-layout-fdcfc74e wp-block-buttons-is-layout-flex\">\n<div class=\"wp-block-button\"><a class=\"wp-block-button__link wp-element-button\" href=\"https:\/\/sanfersrl.com\/wp-content\/uploads\/2025\/06\/387_UY_SANFER-SRL_9001-2015.pdf\">Sanfer SRL empresa certificada (PDF)<\/a><\/div>\n<\/div>\n<\/div>\n<\/div>\n\n\n\n<div class=\"wp-block-buttons is-content-justification-left is-layout-flex wp-container-core-buttons-is-layout-fdcfc74e wp-block-buttons-is-layout-flex\"><\/div>\n\n\n\n<p><\/p>\n","protected":false},"excerpt":{"rendered":"<p>Somos una empresa familiar con m\u00e1s de cuatro d\u00e9cadas de experiencia en el sector gr\u00e1fico. A lo largo de nuestra historia hemos evolucionado desde un peque\u00f1o taller artesanal hacia una organizaci\u00f3n s\u00f3lida, innovadora y orientada a brindar soluciones integrales a nuestros clientes. Nuestro crecimiento ha sido sostenido y constante, impulsado por la incorporaci\u00f3n de maquinaria [&hellip;]<\/p>\n","protected":false},"author":1,"featured_media":0,"parent":0,"menu_order":0,"comment_status":"closed","ping_status":"closed","template":"","meta":{"ocean_post_layout":"full-width","ocean_both_sidebars_style":"","ocean_both_sidebars_content_width":0,"ocean_both_sidebars_sidebars_width":0,"ocean_sidebar":"","ocean_second_sidebar":"","ocean_disable_margins":"enable","ocean_add_body_class":"estilo-NuestraHistora","ocean_shortcode_before_top_bar":"","ocean_shortcode_after_top_bar":"","ocean_shortcode_before_header":"","ocean_shortcode_after_header":"","ocean_has_shortcode":"","ocean_shortcode_after_title":"","ocean_shortcode_before_footer_widgets":"","ocean_shortcode_after_footer_widgets":"","ocean_shortcode_before_footer_bottom":"","ocean_shortcode_after_footer_bottom":"","ocean_display_top_bar":"default","ocean_display_header":"default","ocean_header_style":"","ocean_center_header_left_menu":"","ocean_custom_header_template":"","ocean_custom_logo":0,"ocean_custom_retina_logo":0,"ocean_custom_logo_max_width":0,"ocean_custom_logo_tablet_max_width":0,"ocean_custom_logo_mobile_max_width":0,"ocean_custom_logo_max_height":0,"ocean_custom_logo_tablet_max_height":0,"ocean_custom_logo_mobile_max_height":0,"ocean_header_custom_menu":"","ocean_menu_typo_font_family":"","ocean_menu_typo_font_subset":"","ocean_menu_typo_font_size":0,"ocean_menu_typo_font_size_tablet":0,"ocean_menu_typo_font_size_mobile":0,"ocean_menu_typo_font_size_unit":"px","ocean_menu_typo_font_weight":"","ocean_menu_typo_font_weight_tablet":"","ocean_menu_typo_font_weight_mobile":"","ocean_menu_typo_transform":"","ocean_menu_typo_transform_tablet":"","ocean_menu_typo_transform_mobile":"","ocean_menu_typo_line_height":0,"ocean_menu_typo_line_height_tablet":0,"ocean_menu_typo_line_height_mobile":0,"ocean_menu_typo_line_height_unit":"","ocean_menu_typo_spacing":0,"ocean_menu_typo_spacing_tablet":0,"ocean_menu_typo_spacing_mobile":0,"ocean_menu_typo_spacing_unit":"","ocean_menu_link_color":"","ocean_menu_link_color_hover":"","ocean_menu_link_color_active":"","ocean_menu_link_background":"","ocean_menu_link_hover_background":"","ocean_menu_link_active_background":"","ocean_menu_social_links_bg":"","ocean_menu_social_hover_links_bg":"","ocean_menu_social_links_color":"","ocean_menu_social_hover_links_color":"","ocean_disable_title":"default","ocean_disable_heading":"default","ocean_post_title":"","ocean_post_subheading":"","ocean_post_title_style":"","ocean_post_title_background_color":"","ocean_post_title_background":0,"ocean_post_title_bg_image_position":"","ocean_post_title_bg_image_attachment":"","ocean_post_title_bg_image_repeat":"","ocean_post_title_bg_image_size":"","ocean_post_title_height":0,"ocean_post_title_bg_overlay":0.5,"ocean_post_title_bg_overlay_color":"","ocean_disable_breadcrumbs":"default","ocean_breadcrumbs_color":"","ocean_breadcrumbs_separator_color":"","ocean_breadcrumbs_links_color":"","ocean_breadcrumbs_links_hover_color":"","ocean_display_footer_widgets":"default","ocean_display_footer_bottom":"default","ocean_custom_footer_template":"","footnotes":""},"class_list":["post-125","page","type-page","status-publish","hentry","entry","owp-thumbs-layout-horizontal","owp-btn-normal","owp-tabs-layout-horizontal","has-no-thumbnails","has-product-nav"],"_links":{"self":[{"href":"https:\/\/sanfersrl.com\/index.php\/wp-json\/wp\/v2\/pages\/125","targetHints":{"allow":["GET"]}}],"collection":[{"href":"https:\/\/sanfersrl.com\/index.php\/wp-json\/wp\/v2\/pages"}],"about":[{"href":"https:\/\/sanfersrl.com\/index.php\/wp-json\/wp\/v2\/types\/page"}],"author":[{"embeddable":true,"href":"https:\/\/sanfersrl.com\/index.php\/wp-json\/wp\/v2\/users\/1"}],"replies":[{"embeddable":true,"href":"https:\/\/sanfersrl.com\/index.php\/wp-json\/wp\/v2\/comments?post=125"}],"version-history":[{"count":65,"href":"https:\/\/sanfersrl.com\/index.php\/wp-json\/wp\/v2\/pages\/125\/revisions"}],"predecessor-version":[{"id":1542,"href":"https:\/\/sanfersrl.com\/index.php\/wp-json\/wp\/v2\/pages\/125\/revisions\/1542"}],"wp:attachment":[{"href":"https:\/\/sanfersrl.com\/index.php\/wp-json\/wp\/v2\/media?parent=125"}],"curies":[{"name":"wp","href":"https:\/\/api.w.org\/{rel}","templated":true}]}}